{"id":648,"date":"2025-02-15T21:16:33","date_gmt":"2025-02-15T21:16:33","guid":{"rendered":"https:\/\/teste.paralleloestudio.com\/wp\/?page_id=648"},"modified":"2025-04-28T21:07:38","modified_gmt":"2025-04-28T21:07:38","slug":"escritorio","status":"publish","type":"page","link":"https:\/\/bracks.adv.br\/en\/escritorio\/","title":{"rendered":"Office"},"content":{"rendered":"<div data-elementor-type=\"wp-page\" data-elementor-id=\"648\" class=\"elementor elementor-648\">\n\t\t\t\t<div class=\"elementor-element elementor-element-acdfa75 e-flex e-con-boxed e-con e-parent\" data-id=\"acdfa75\" data-element_type=\"container\" data-settings=\"{&quot;background_background&quot;:&quot;classic&quot;}\">\n\t\t\t\t\t<div class=\"e-con-inner\">\n\t\t<div class=\"elementor-element elementor-element-d363305 e-con-full e-flex e-con e-child\" data-id=\"d363305\" data-element_type=\"container\">\n\t\t\t\t<div class=\"elementor-element elementor-element-f4abbcb elementor-widget elementor-widget-spacer\" data-id=\"f4abbcb\" data-element_type=\"widget\" data-widget_type=\"spacer.default\">\n\t\t\t\t<div class=\"elementor-widget-container\">\n\t\t\t\t\t\t\t<div class=\"elementor-spacer\">\n\t\t\t<div class=\"elementor-spacer-inner\"><\/div>\n\t\t<\/div>\n\t\t\t\t\t\t<\/div>\n\t\t\t\t<\/div>\n\t\t\t\t<\/div>\n\t\t\t\t\t<\/div>\n\t\t\t\t<\/div>\n\t\t<div class=\"elementor-element elementor-element-5b64b7d e-flex e-con-boxed e-con e-parent\" data-id=\"5b64b7d\" data-element_type=\"container\" data-settings=\"{&quot;background_background&quot;:&quot;classic&quot;}\">\n\t\t\t\t\t<div class=\"e-con-inner\">\n\t\t\t\t<div class=\"elementor-element elementor-element-a5325bf elementor-widget elementor-widget-heading\" data-id=\"a5325bf\" data-element_type=\"widget\" data-widget_type=\"heading.default\">\n\t\t\t\t<div class=\"elementor-widget-container\">\n\t\t\t\t\t<h2 class=\"elementor-heading-title elementor-size-default\">The Office<\/h2>\t\t\t\t<\/div>\n\t\t\t\t<\/div>\n\t\t\t\t\t<\/div>\n\t\t\t\t<\/div>\n\t\t<div class=\"elementor-element elementor-element-80465ee e-flex e-con-boxed e-con e-parent\" data-id=\"80465ee\" data-element_type=\"container\">\n\t\t\t\t\t<div class=\"e-con-inner\">\n\t\t<div class=\"elementor-element elementor-element-65e7aee e-con-full e-flex e-con e-child\" data-id=\"65e7aee\" data-element_type=\"container\">\n\t\t\t\t<div class=\"elementor-element elementor-element-ba6fcce elementor-widget elementor-widget-spacer\" data-id=\"ba6fcce\" data-element_type=\"widget\" data-widget_type=\"spacer.default\">\n\t\t\t\t<div class=\"elementor-widget-container\">\n\t\t\t\t\t\t\t<div class=\"elementor-spacer\">\n\t\t\t<div class=\"elementor-spacer-inner\"><\/div>\n\t\t<\/div>\n\t\t\t\t\t\t<\/div>\n\t\t\t\t<\/div>\n\t\t\t\t<div class=\"elementor-element elementor-element-af7a6d4 elementor-widget elementor-widget-heading\" data-id=\"af7a6d4\" data-element_type=\"widget\" data-widget_type=\"heading.default\">\n\t\t\t\t<div class=\"elementor-widget-container\">\n\t\t\t\t\t<h2 class=\"elementor-heading-title elementor-size-default\">Mission<\/h2>\t\t\t\t<\/div>\n\t\t\t\t<\/div>\n\t\t\t\t<div class=\"elementor-element elementor-element-c1f9d13 elementor-widget elementor-widget-text-editor\" data-id=\"c1f9d13\" data-element_type=\"widget\" data-widget_type=\"text-editor.default\">\n\t\t\t\t<div class=\"elementor-widget-container\">\n\t\t\t\t\t\t\t\t\t<p>Ensure solid results and trustworthy partnerships, offering high-quality legal solutions, based on experience and dedication to the needs of the business sector.<\/p>\t\t\t\t\t\t\t\t<\/div>\n\t\t\t\t<\/div>\n\t\t\t\t<div class=\"elementor-element elementor-element-2694cea elementor-widget elementor-widget-heading\" data-id=\"2694cea\" data-element_type=\"widget\" data-widget_type=\"heading.default\">\n\t\t\t\t<div class=\"elementor-widget-container\">\n\t\t\t\t\t<h2 class=\"elementor-heading-title elementor-size-default\">Vision<\/h2>\t\t\t\t<\/div>\n\t\t\t\t<\/div>\n\t\t\t\t<div class=\"elementor-element elementor-element-28503be elementor-widget elementor-widget-text-editor\" data-id=\"28503be\" data-element_type=\"widget\" data-widget_type=\"text-editor.default\">\n\t\t\t\t<div class=\"elementor-widget-container\">\n\t\t\t\t\t\t\t\t\t<p>To become a reference as a firm that transforms expertise into meaningful connections, providing unique and personalized approaches to each challenge.<\/p>\t\t\t\t\t\t\t\t<\/div>\n\t\t\t\t<\/div>\n\t\t\t\t<div class=\"elementor-element elementor-element-297d75f elementor-widget elementor-widget-heading\" data-id=\"297d75f\" data-element_type=\"widget\" data-widget_type=\"heading.default\">\n\t\t\t\t<div class=\"elementor-widget-container\">\n\t\t\t\t\t<h2 class=\"elementor-heading-title elementor-size-default\">Values<\/h2>\t\t\t\t<\/div>\n\t\t\t\t<\/div>\n\t\t\t\t<div class=\"elementor-element elementor-element-ab7ca3f elementor-widget elementor-widget-text-editor\" data-id=\"ab7ca3f\" data-element_type=\"widget\" data-widget_type=\"text-editor.default\">\n\t\t\t\t<div class=\"elementor-widget-container\">\n\t\t\t\t\t\t\t\t\t<p>Commitment to excellence, transparency at every stage, ethical action and a firm commitment to the satisfaction of our customers.<br \/><br \/><\/p><p><strong>Bracks Advogados Associados, located in Rio de Janeiro, provides services throughout the national territory.<\/strong><\/p>\t\t\t\t\t\t\t\t<\/div>\n\t\t\t\t<\/div>\n\t\t\t\t<\/div>\n\t\t<div class=\"elementor-element elementor-element-5827e97 e-con-full e-flex e-con e-child\" data-id=\"5827e97\" data-element_type=\"container\">\n\t\t\t\t<div class=\"elementor-element elementor-element-a00e836 elementor-widget elementor-widget-image\" data-id=\"a00e836\" data-element_type=\"widget\" data-widget_type=\"image.default\">\n\t\t\t\t<div class=\"elementor-widget-container\">\n\t\t\t\t\t\t\t\t\t\t\t\t\t\t\t<img fetchpriority=\"high\" decoding=\"async\" width=\"494\" height=\"584\" src=\"https:\/\/bracks.adv.br\/wp-content\/uploads\/2025\/04\/escritorio_2.2.jpg\" class=\"attachment-large size-large wp-image-1106\" alt=\"\" srcset=\"https:\/\/bracks.adv.br\/wp-content\/uploads\/2025\/04\/escritorio_2.2.jpg 494w, https:\/\/bracks.adv.br\/wp-content\/uploads\/2025\/04\/escritorio_2.2-254x300.jpg 254w\" sizes=\"(max-width: 494px) 100vw, 494px\" \/>\t\t\t\t\t\t\t\t\t\t\t\t\t\t\t<\/div>\n\t\t\t\t<\/div>\n\t\t\t\t<\/div>\n\t\t\t\t\t<\/div>\n\t\t\t\t<\/div>\n\t\t<div class=\"elementor-element elementor-element-d074d81 e-flex e-con-boxed e-con e-parent\" data-id=\"d074d81\" data-element_type=\"container\">\n\t\t\t\t\t<div class=\"e-con-inner\">\n\t\t\t\t<div class=\"elementor-element elementor-element-14419e4 elementor-widget elementor-widget-text-editor\" data-id=\"14419e4\" data-element_type=\"widget\" data-widget_type=\"text-editor.default\">\n\t\t\t\t<div class=\"elementor-widget-container\">\n\t\t\t\t\t\t\t\t\t<p>Formed by a group of highly trained professionals, the firm has solid experience in advising individuals and small, medium and large business groups, in the most diverse sectors of the economy, both in litigation and in consultancy and auditing.<\/p><p>The firm specializes in labor, social security and civil law, acting both before the judiciary, monitoring legal proceedings, and in a consultative capacity, serving clients with a preventive approach, in order to avoid contingencies, liabilities and responsibilities.<\/p><p>We also act extrajudicially in administrative proceedings before the Ministry of Labor, Public Prosecutor's Office, internal administrative procedures in public companies and mixed economy companies, PROCONS and Legislative Assemblies.<\/p><p>The determination to deliver positive results, the commitment to fight for the interests of its clients, legal activism based on professional ethics, absolute honesty and the quality of the services provided are the values \u200b\u200bresponsible for the successful trajectory of Bracks Advogados.<\/p>\t\t\t\t\t\t\t\t<\/div>\n\t\t\t\t<\/div>\n\t\t\t\t<div class=\"elementor-element elementor-element-fd2a33c elementor-widget elementor-widget-image\" data-id=\"fd2a33c\" data-element_type=\"widget\" data-widget_type=\"image.default\">\n\t\t\t\t<div class=\"elementor-widget-container\">\n\t\t\t\t\t\t\t\t\t\t\t\t\t\t\t<img decoding=\"async\" width=\"699\" height=\"958\" src=\"https:\/\/bracks.adv.br\/wp-content\/uploads\/2025\/04\/escritorio_3.2-1.jpg\" class=\"attachment-large size-large wp-image-1109\" alt=\"\" srcset=\"https:\/\/bracks.adv.br\/wp-content\/uploads\/2025\/04\/escritorio_3.2-1.jpg 699w, https:\/\/bracks.adv.br\/wp-content\/uploads\/2025\/04\/escritorio_3.2-1-219x300.jpg 219w\" sizes=\"(max-width: 699px) 100vw, 699px\" \/>\t\t\t\t\t\t\t\t\t\t\t\t\t\t\t<\/div>\n\t\t\t\t<\/div>\n\t\t\t\t\t<\/div>\n\t\t\t\t<\/div>\n\t\t<div class=\"elementor-element elementor-element-59a7396 e-flex e-con-boxed e-con e-parent\" data-id=\"59a7396\" data-element_type=\"container\">\n\t\t\t\t\t<div class=\"e-con-inner\">\n\t\t\t\t<div class=\"elementor-element elementor-element-d795c84 elementor-widget elementor-widget-spacer\" data-id=\"d795c84\" data-element_type=\"widget\" data-widget_type=\"spacer.default\">\n\t\t\t\t<div class=\"elementor-widget-container\">\n\t\t\t\t\t\t\t<div class=\"elementor-spacer\">\n\t\t\t<div class=\"elementor-spacer-inner\"><\/div>\n\t\t<\/div>\n\t\t\t\t\t\t<\/div>\n\t\t\t\t<\/div>\n\t\t\t\t\t<\/div>\n\t\t\t\t<\/div>\n\t\t\t\t<\/div>","protected":false},"excerpt":{"rendered":"<p>O Escrit\u00f3rio Miss\u00e3o Garantir resultados s\u00f3lidos e parcerias de confian\u00e7a, oferecendo solu\u00e7\u00f5es jur\u00eddicas de alta qualidade, baseadas em experi\u00eancia e dedica\u00e7\u00e3o \u00e0s necessidades do setor empresarial. Vis\u00e3o Tornar-se refer\u00eancia como um escrit\u00f3rio que transforma expertise em conex\u00f5es significativas, proporcionando abordagens \u00fanicas e personalizadas para cada desafio. Valores Comprometimento com a excel\u00eancia, transpar\u00eancia em cada etapa, [&hellip;]<\/p>","protected":false},"author":1,"featured_media":0,"parent":0,"menu_order":0,"comment_status":"closed","ping_status":"closed","template":"elementor_header_footer","meta":{"footnotes":""},"class_list":["post-648","page","type-page","status-publish","hentry"],"_links":{"self":[{"href":"https:\/\/bracks.adv.br\/en\/wp-json\/wp\/v2\/pages\/648","targetHints":{"allow":["GET"]}}],"collection":[{"href":"https:\/\/bracks.adv.br\/en\/wp-json\/wp\/v2\/pages"}],"about":[{"href":"https:\/\/bracks.adv.br\/en\/wp-json\/wp\/v2\/types\/page"}],"author":[{"embeddable":true,"href":"https:\/\/bracks.adv.br\/en\/wp-json\/wp\/v2\/users\/1"}],"replies":[{"embeddable":true,"href":"https:\/\/bracks.adv.br\/en\/wp-json\/wp\/v2\/comments?post=648"}],"version-history":[{"count":23,"href":"https:\/\/bracks.adv.br\/en\/wp-json\/wp\/v2\/pages\/648\/revisions"}],"predecessor-version":[{"id":1116,"href":"https:\/\/bracks.adv.br\/en\/wp-json\/wp\/v2\/pages\/648\/revisions\/1116"}],"wp:attachment":[{"href":"https:\/\/bracks.adv.br\/en\/wp-json\/wp\/v2\/media?parent=648"}],"curies":[{"name":"wp","href":"https:\/\/api.w.org\/{rel}","templated":true}]}}